{"id":554,"date":"2026-02-20T16:34:01","date_gmt":"2026-02-20T16:34:01","guid":{"rendered":"https:\/\/looped.hamburg.de\/legal-notice\/"},"modified":"2026-03-23T07:25:26","modified_gmt":"2026-03-23T07:25:26","slug":"legal-notice","status":"publish","type":"page","link":"https:\/\/looped.hamburg.de\/en\/legal-notice\/","title":{"rendered":"Legal notice"},"content":{"rendered":"<div class=\"et_pb_section_0 et_pb_section et_section_regular et_block_section\">\n<div class=\"et_pb_row_0 et_pb_row et_flex_row\">\n<div class=\"et_pb_column_0 et_pb_column et-last-child et_flex_column et_pb_css_mix_blend_mode_passthrough et_flex_column_24_24 et_flex_column_24_24_tablet et_flex_column_24_24_phone\">\n<div class=\"et_pb_text_0 et_pb_text et_pb_bg_layout_light et_pb_module et_flex_module\"><div class=\"et_pb_text_inner\"><h1>Legal notice looped.hamburg.de<\/h1>\n<p>&nbsp;<\/p>\n<p><strong>The following is responsible for the content in accordance with Section 5 of the Digital Services Act (DDG):<\/strong><\/p>\n<p><strong>Freie und Hansestadt Hamburg<\/strong><br \/><strong>Landesbetrieb Stra\u00dfen, Br\u00fccken und Gew\u00e4sser<\/strong><br \/>Sachsenfeld 3-5<br \/>20097 Hamburg<\/p>\n<p>Authorised representative and managing director of the State Agency: Dr Stefan Klotz<\/p>\n<p>Tel.: 040 - 428 28 0<\/p>\n<p>E-Mail:<a href=\"mailto:info@lsbg.hamburg.de\"> info@lsbg.hamburg.de<\/a><\/p>\n<p>The Agency for Roads, Bridges and Waterways (LSBG) is a state agency pursuant to Section 106(1) of the Local Government Act (LHO) of the Free and Hanseatic City of Hamburg (FHH). The LSBG is assigned to the Authority for Transport and Mobility Transition and is supervised by it. The FHH is a body governed by public law. The FHH is represented by the First Mayor, Peter Tschentscher.    <\/p>\n<p>This legal notice applies solely to the website of the State Agency for Roads, Bridges and Waterways accessible at the internet address lsbg.hamburg.de, as well as to the subpages linked from this internet address. The legal notice does not apply to other content published on the city portal hamburg.de. The legal notice of the city portal hamburg.de applies to this content: <a href=\"http:\/\/www.hamburg.de\/impressum\">www.hamburg.de\/impressum.<\/a>  <\/p>\n<\/div><\/div>\n<\/div>\n<\/div>\n<\/div>","protected":false},"excerpt":{"rendered":"","protected":false},"author":1,"featured_media":0,"parent":0,"menu_order":0,"comment_status":"closed","ping_status":"closed","template":"","meta":{"footnotes":""},"class_list":["post-554","page","type-page","status-publish","hentry"],"_links":{"self":[{"href":"https:\/\/looped.hamburg.de\/en\/wp-json\/wp\/v2\/pages\/554","targetHints":{"allow":["GET"]}}],"collection":[{"href":"https:\/\/looped.hamburg.de\/en\/wp-json\/wp\/v2\/pages"}],"about":[{"href":"https:\/\/looped.hamburg.de\/en\/wp-json\/wp\/v2\/types\/page"}],"author":[{"embeddable":true,"href":"https:\/\/looped.hamburg.de\/en\/wp-json\/wp\/v2\/users\/1"}],"replies":[{"embeddable":true,"href":"https:\/\/looped.hamburg.de\/en\/wp-json\/wp\/v2\/comments?post=554"}],"version-history":[{"count":2,"href":"https:\/\/looped.hamburg.de\/en\/wp-json\/wp\/v2\/pages\/554\/revisions"}],"predecessor-version":[{"id":556,"href":"https:\/\/looped.hamburg.de\/en\/wp-json\/wp\/v2\/pages\/554\/revisions\/556"}],"wp:attachment":[{"href":"https:\/\/looped.hamburg.de\/en\/wp-json\/wp\/v2\/media?parent=554"}],"curies":[{"name":"wp","href":"https:\/\/api.w.org\/{rel}","templated":true}]}}