{"id":526,"date":"2026-03-03T14:33:35","date_gmt":"2026-03-03T14:33:35","guid":{"rendered":"https:\/\/looped.hamburg.de\/contact\/"},"modified":"2026-03-22T14:06:39","modified_gmt":"2026-03-22T14:06:39","slug":"contact","status":"publish","type":"page","link":"https:\/\/looped.hamburg.de\/en\/contact\/","title":{"rendered":"Contact"},"content":{"rendered":"<div class=\"et_pb_section_0 et_pb_section et_section_regular et_flex_section\">\n<div class=\"et_pb_row_0 et_pb_row et_flex_row\">\n<div class=\"et_pb_column_0 et_pb_column et-last-child et_flex_column et_pb_css_mix_blend_mode_passthrough et_flex_column_24_24 et_flex_column_24_24_tablet et_flex_column_24_24_phone\">\n<div class=\"et_pb_text_0 et_pb_text et_pb_bg_layout_light et_pb_module et_flex_module\"><div class=\"et_pb_text_inner\"><h2>Contact<\/h2>\n<h2 class=\"p1\">Do you have any questions or comments?<br \/>Would you like to become a project partner?<br \/>Please feel free to contact us at:<\/h2>\n<\/div><\/div>\n\n<div class=\"et_pb_text_1 et_pb_text et_pb_bg_layout_light et_pb_module et_flex_module\"><div class=\"et_pb_text_inner\"><h5>Freie und Hansestadt Hamburg<br \/>Landesbetrieb Stra\u00dfen, Br\u00fccken und Gew\u00e4sser<br \/>Digitalisierung und Steuerung<br \/>Fachbereich DigiLab \u2013 XR<br \/>Sachsenfeld 3-5<br \/>20097 Hamburg<\/h5>\n<p class=\"p1\"><a href=\"mailto:looped@lsbg.hamburg.de\">looped@lsbg.hamburg.de<\/a><\/p>\n<\/div><\/div>\n<\/div>\n<\/div>\n<\/div>","protected":false},"excerpt":{"rendered":"","protected":false},"author":1,"featured_media":0,"parent":0,"menu_order":0,"comment_status":"closed","ping_status":"closed","template":"","meta":{"footnotes":""},"class_list":["post-526","page","type-page","status-publish","hentry"],"_links":{"self":[{"href":"https:\/\/looped.hamburg.de\/en\/wp-json\/wp\/v2\/pages\/526","targetHints":{"allow":["GET"]}}],"collection":[{"href":"https:\/\/looped.hamburg.de\/en\/wp-json\/wp\/v2\/pages"}],"about":[{"href":"https:\/\/looped.hamburg.de\/en\/wp-json\/wp\/v2\/types\/page"}],"author":[{"embeddable":true,"href":"https:\/\/looped.hamburg.de\/en\/wp-json\/wp\/v2\/users\/1"}],"replies":[{"embeddable":true,"href":"https:\/\/looped.hamburg.de\/en\/wp-json\/wp\/v2\/comments?post=526"}],"version-history":[{"count":5,"href":"https:\/\/looped.hamburg.de\/en\/wp-json\/wp\/v2\/pages\/526\/revisions"}],"predecessor-version":[{"id":531,"href":"https:\/\/looped.hamburg.de\/en\/wp-json\/wp\/v2\/pages\/526\/revisions\/531"}],"wp:attachment":[{"href":"https:\/\/looped.hamburg.de\/en\/wp-json\/wp\/v2\/media?parent=526"}],"curies":[{"name":"wp","href":"https:\/\/api.w.org\/{rel}","templated":true}]}}